{"id":1459,"date":"2022-10-04T10:25:05","date_gmt":"2022-10-04T10:25:05","guid":{"rendered":"https:\/\/www.brinterior.hu\/?page_id=1459"},"modified":"2022-10-04T10:25:10","modified_gmt":"2022-10-04T10:25:10","slug":"kapcsolat-cloned-18","status":"publish","type":"page","link":"https:\/\/www.brinterior.hu\/en\/kapcsolat-cloned-18\/","title":{"rendered":"Kapcsolat &#8211; [Cloned #18]"},"content":{"rendered":"<div data-elementor-type=\"wp-page\" data-elementor-id=\"1459\" class=\"elementor elementor-1459\" data-elementor-settings=\"{&quot;ha_cmc_init_switcher&quot;:&quot;no&quot;}\" data-elementor-post-type=\"page\">\n\t\t\t\t\t\t<section class=\"elementor-section elementor-top-section elementor-element elementor-element-785f3351 elementor-section-height-min-height elementor-section-content-middle elementor-section-stretched elementor-section-boxed elementor-section-height-default elementor-section-items-middle wpr-particle-no wpr-jarallax-no wpr-parallax-no wpr-sticky-section-no wpr-equal-height-no\" data-id=\"785f3351\" data-element_type=\"section\" data-e-type=\"section\" data-settings=\"{&quot;background_background&quot;:&quot;classic&quot;,&quot;stretch_section&quot;:&quot;section-stretched&quot;,&quot;_ha_eqh_enable&quot;:false}\">\n\t\t\t\t\t\t\t<div class=\"elementor-background-overlay\"><\/div>\n\t\t\t\t\t\t\t<div class=\"elementor-container elementor-column-gap-default\">\n\t\t\t\t\t<div class=\"elementor-column elementor-col-100 elementor-top-column elementor-element elementor-element-34d6c041\" data-id=\"34d6c041\" data-element_type=\"column\" data-e-type=\"column\">\n\t\t\t<div class=\"elementor-widget-wrap elementor-element-populated\">\n\t\t\t\t\t\t<section class=\"elementor-section elementor-inner-section elementor-element elementor-element-5c3863f3 elementor-section-boxed elementor-section-height-default elementor-section-height-default wpr-particle-no wpr-jarallax-no wpr-parallax-no wpr-sticky-section-no wpr-equal-height-no\" data-id=\"5c3863f3\" data-element_type=\"section\" data-e-type=\"section\" data-settings=\"{&quot;_ha_eqh_enable&quot;:false}\">\n\t\t\t\t\t\t<div class=\"elementor-container elementor-column-gap-default\">\n\t\t\t\t\t<div class=\"elementor-column elementor-col-33 elementor-inner-column elementor-element elementor-element-51ea65f4\" data-id=\"51ea65f4\" data-element_type=\"column\" data-e-type=\"column\">\n\t\t\t<div class=\"elementor-widget-wrap elementor-element-populated\">\n\t\t\t\t\t\t<div class=\"elementor-element elementor-element-61497a40 elementor-widget elementor-widget-heading\" data-id=\"61497a40\" data-element_type=\"widget\" data-e-type=\"widget\" data-widget_type=\"heading.default\">\n\t\t\t\t<div class=\"elementor-widget-container\">\n\t\t\t\t\t<h2 class=\"elementor-heading-title elementor-size-default\">Our Office<\/h2>\t\t\t\t<\/div>\n\t\t\t\t<\/div>\n\t\t\t\t<div class=\"elementor-element elementor-element-69ee1ab elementor-widget elementor-widget-text-editor\" data-id=\"69ee1ab\" data-element_type=\"widget\" data-e-type=\"widget\" data-widget_type=\"text-editor.default\">\n\t\t\t\t<div class=\"elementor-widget-container\">\n\t\t\t\t\t\t\t\t\t<p>2045 T\u00f6r\u00f6kb\u00e1lint, Munk\u00e1csy Mih\u00e1ly utca 20.<\/p><p>\u00a0<\/p>\t\t\t\t\t\t\t\t<\/div>\n\t\t\t\t<\/div>\n\t\t\t\t<div class=\"elementor-element elementor-element-a252007 elementor-widget elementor-widget-heading\" data-id=\"a252007\" data-element_type=\"widget\" data-e-type=\"widget\" data-widget_type=\"heading.default\">\n\t\t\t\t<div class=\"elementor-widget-container\">\n\t\t\t\t\t<h2 class=\"elementor-heading-title elementor-size-default\">Opening Hours<\/h2>\t\t\t\t<\/div>\n\t\t\t\t<\/div>\n\t\t\t\t<div class=\"elementor-element elementor-element-7724f7c elementor-widget elementor-widget-text-editor\" data-id=\"7724f7c\" data-element_type=\"widget\" data-e-type=\"widget\" data-widget_type=\"text-editor.default\">\n\t\t\t\t<div class=\"elementor-widget-container\">\n\t\t\t\t\t\t\t\t\t<p><br \/>M-F: 10.00 \u2013 17.00<br \/>Weekend: Closed<\/p><p>\u00a0<\/p>\t\t\t\t\t\t\t\t<\/div>\n\t\t\t\t<\/div>\n\t\t\t\t\t<\/div>\n\t\t<\/div>\n\t\t\t\t<div class=\"elementor-column elementor-col-33 elementor-inner-column elementor-element elementor-element-68a91fd8\" data-id=\"68a91fd8\" data-element_type=\"column\" data-e-type=\"column\">\n\t\t\t<div class=\"elementor-widget-wrap elementor-element-populated\">\n\t\t\t\t\t\t<div class=\"elementor-element elementor-element-7080282c elementor-widget elementor-widget-heading\" data-id=\"7080282c\" data-element_type=\"widget\" data-e-type=\"widget\" data-widget_type=\"heading.default\">\n\t\t\t\t<div class=\"elementor-widget-container\">\n\t\t\t\t\t<h2 class=\"elementor-heading-title elementor-size-default\">CONTACT<\/h2>\t\t\t\t<\/div>\n\t\t\t\t<\/div>\n\t\t\t\t<div class=\"elementor-element elementor-element-3d76710c elementor-icon-list--layout-traditional elementor-list-item-link-full_width elementor-widget elementor-widget-icon-list\" data-id=\"3d76710c\" data-element_type=\"widget\" data-e-type=\"widget\" data-widget_type=\"icon-list.default\">\n\t\t\t\t<div class=\"elementor-widget-container\">\n\t\t\t\t\t\t\t<ul class=\"elementor-icon-list-items\">\n\t\t\t\t\t\t\t<li class=\"elementor-icon-list-item\">\n\t\t\t\t\t\t\t\t\t\t\t<span class=\"elementor-icon-list-icon\">\n\t\t\t\t\t\t\t<i aria-hidden=\"true\" class=\"hm hm-mail-open\"><\/i>\t\t\t\t\t\t<\/span>\n\t\t\t\t\t\t\t\t\t\t<span class=\"elementor-icon-list-text\">info@brinterior.hu<\/span>\n\t\t\t\t\t\t\t\t\t<\/li>\n\t\t\t\t\t\t\t\t<li class=\"elementor-icon-list-item\">\n\t\t\t\t\t\t\t\t\t\t\t<span class=\"elementor-icon-list-icon\">\n\t\t\t\t\t\t\t<i aria-hidden=\"true\" class=\"hm hm-headphone\"><\/i>\t\t\t\t\t\t<\/span>\n\t\t\t\t\t\t\t\t\t\t<span class=\"elementor-icon-list-text\">+36 30 928 8445<\/span>\n\t\t\t\t\t\t\t\t\t<\/li>\n\t\t\t\t\t\t<\/ul>\n\t\t\t\t\t\t<\/div>\n\t\t\t\t<\/div>\n\t\t\t\t\t<\/div>\n\t\t<\/div>\n\t\t\t\t<div class=\"elementor-column elementor-col-33 elementor-inner-column elementor-element elementor-element-71bc2111\" data-id=\"71bc2111\" data-element_type=\"column\" data-e-type=\"column\">\n\t\t\t<div class=\"elementor-widget-wrap elementor-element-populated\">\n\t\t\t\t\t\t<div class=\"elementor-element elementor-element-1bdc22b9 elementor-widget elementor-widget-heading\" data-id=\"1bdc22b9\" data-element_type=\"widget\" data-e-type=\"widget\" data-widget_type=\"heading.default\">\n\t\t\t\t<div class=\"elementor-widget-container\">\n\t\t\t\t\t<h2 class=\"elementor-heading-title elementor-size-default\">Social Media<\/h2>\t\t\t\t<\/div>\n\t\t\t\t<\/div>\n\t\t\t\t<div class=\"elementor-element elementor-element-6acf438a elementor-shape-circle e-grid-align-left elementor-grid-0 elementor-widget elementor-widget-social-icons\" data-id=\"6acf438a\" data-element_type=\"widget\" data-e-type=\"widget\" data-widget_type=\"social-icons.default\">\n\t\t\t\t<div class=\"elementor-widget-container\">\n\t\t\t\t\t\t\t<div class=\"elementor-social-icons-wrapper elementor-grid\" role=\"list\">\n\t\t\t\t\t\t\t<span class=\"elementor-grid-item\" role=\"listitem\">\n\t\t\t\t\t<a class=\"elementor-icon elementor-social-icon elementor-social-icon-facebook elementor-repeater-item-ae880e4\" href=\"https:\/\/www.facebook.com\/BBrinterior\" target=\"_blank\">\n\t\t\t\t\t\t<span class=\"elementor-screen-only\">Facebook<\/span>\n\t\t\t\t\t\t<i aria-hidden=\"true\" class=\"fab fa-facebook\"><\/i>\t\t\t\t\t<\/a>\n\t\t\t\t<\/span>\n\t\t\t\t\t\t\t<span class=\"elementor-grid-item\" role=\"listitem\">\n\t\t\t\t\t<a class=\"elementor-icon elementor-social-icon elementor-social-icon-youtube elementor-repeater-item-6093371\" href=\"https:\/\/www.youtube.com\/channel\/UCWpeIN3hePafSqwdZEIMATg\" target=\"_blank\">\n\t\t\t\t\t\t<span class=\"elementor-screen-only\">Youtube<\/span>\n\t\t\t\t\t\t<i aria-hidden=\"true\" class=\"fab fa-youtube\"><\/i>\t\t\t\t\t<\/a>\n\t\t\t\t<\/span>\n\t\t\t\t\t\t\t<span class=\"elementor-grid-item\" role=\"listitem\">\n\t\t\t\t\t<a class=\"elementor-icon elementor-social-icon elementor-social-icon-instagram elementor-repeater-item-98d8eb9\" href=\"https:\/\/www.instagram.com\/brinterior_\/\" target=\"_blank\">\n\t\t\t\t\t\t<span class=\"elementor-screen-only\">Instagram<\/span>\n\t\t\t\t\t\t<i aria-hidden=\"true\" class=\"fab fa-instagram\"><\/i>\t\t\t\t\t<\/a>\n\t\t\t\t<\/span>\n\t\t\t\t\t<\/div>\n\t\t\t\t\t\t<\/div>\n\t\t\t\t<\/div>\n\t\t\t\t\t<\/div>\n\t\t<\/div>\n\t\t\t\t\t<\/div>\n\t\t<\/section>\n\t\t\t\t<section class=\"elementor-section elementor-inner-section elementor-element elementor-element-34baf1b5 elementor-section-content-middle elementor-section-boxed elementor-section-height-default elementor-section-height-default wpr-particle-no wpr-jarallax-no wpr-parallax-no wpr-sticky-section-no wpr-equal-height-no\" data-id=\"34baf1b5\" data-element_type=\"section\" data-e-type=\"section\" data-settings=\"{&quot;_ha_eqh_enable&quot;:false}\">\n\t\t\t\t\t\t<div class=\"elementor-container elementor-column-gap-default\">\n\t\t\t\t\t<div class=\"elementor-column elementor-col-50 elementor-inner-column elementor-element elementor-element-335a97d9\" data-id=\"335a97d9\" data-element_type=\"column\" data-e-type=\"column\">\n\t\t\t<div class=\"elementor-widget-wrap elementor-element-populated\">\n\t\t\t\t\t\t<div class=\"elementor-element elementor-element-0ab49e0 elementor-widget elementor-widget-google_maps\" data-id=\"0ab49e0\" data-element_type=\"widget\" data-e-type=\"widget\" data-widget_type=\"google_maps.default\">\n\t\t\t\t<div class=\"elementor-widget-container\">\n\t\t\t\t\t\t\t<div class=\"elementor-custom-embed\">\n\t\t\t<iframe loading=\"lazy\"\n\t\t\t\t\tsrc=\"https:\/\/maps.google.com\/maps?q=2045%20T%C3%B6r%C3%B6kb%C3%A1lint%2C%20Munk%C3%A1csy%20Mih%C3%A1ly%20utca%2020.%20&#038;t=m&#038;z=11&#038;output=embed&#038;iwloc=near\"\n\t\t\t\t\ttitle=\"2045 T\u00f6r\u00f6kb\u00e1lint, Munk\u00e1csy Mih\u00e1ly utca 20. \"\n\t\t\t\t\taria-label=\"2045 T\u00f6r\u00f6kb\u00e1lint, Munk\u00e1csy Mih\u00e1ly utca 20. \"\n\t\t\t><\/iframe>\n\t\t<\/div>\n\t\t\t\t\t\t<\/div>\n\t\t\t\t<\/div>\n\t\t\t\t<div class=\"elementor-element elementor-element-58e5614 elementor-widget elementor-widget-text-editor\" data-id=\"58e5614\" data-element_type=\"widget\" data-e-type=\"widget\" data-widget_type=\"text-editor.default\">\n\t\t\t\t<div class=\"elementor-widget-container\">\n\t\t\t\t\t\t\t\t\t<p>Ha t\u00e9rk\u00e9p seg\u00edts\u00e9g\u00e9vel j\u00f6nnek k\u00e9rj\u00fck c\u00e9g\u00fcnk nev\u00e9t,a Brinteriort \u00edrj\u00e1k be, \u00fagy tudj\u00e1k megtal\u00e1lni legk\u00f6nyebben a helyes c\u00edmet. (ADL Ingatlan)<\/p>\t\t\t\t\t\t\t\t<\/div>\n\t\t\t\t<\/div>\n\t\t\t\t\t<\/div>\n\t\t<\/div>\n\t\t\t\t<div class=\"elementor-column elementor-col-50 elementor-inner-column elementor-element elementor-element-41698edb\" data-id=\"41698edb\" data-element_type=\"column\" data-e-type=\"column\">\n\t\t\t<div class=\"elementor-widget-wrap\">\n\t\t\t\t\t\t\t<\/div>\n\t\t<\/div>\n\t\t\t\t\t<\/div>\n\t\t<\/section>\n\t\t\t\t<div class=\"elementor-element elementor-element-c5d52e5 elementor-widget elementor-widget-text-editor\" data-id=\"c5d52e5\" data-element_type=\"widget\" data-e-type=\"widget\" data-widget_type=\"text-editor.default\">\n\t\t\t\t<div class=\"elementor-widget-container\">\n\t\t\t\t\t\t\t\t\t<p>\u00a9 Brinterior &#8211; Interior Style &amp; Design &#8211;<\/p>\t\t\t\t\t\t\t\t<\/div>\n\t\t\t\t<\/div>\n\t\t\t\t\t<\/div>\n\t\t<\/div>\n\t\t\t\t\t<\/div>\n\t\t<\/section>\n\t\t\t\t<\/div>","protected":false},"excerpt":{"rendered":"<p>Irod\u00e1nk 2045 T\u00f6r\u00f6kb\u00e1lint, Munk\u00e1csy Mih\u00e1ly utca 20. \u00a0 Nyitvatart\u00e1s H-P: 10.00 &#8211; 17.00SZ-V: Z\u00e1rva \u00a0 El\u00e9rhet\u0151s\u00e9geink info@brinterior.hu +36 30 928&hellip;<\/p>","protected":false},"author":1,"featured_media":0,"parent":0,"menu_order":0,"comment_status":"closed","ping_status":"closed","template":"","meta":{"footnotes":""},"class_list":["post-1459","page","type-page","status-publish","hentry"],"yoast_head":"<!-- This site is optimized with the Yoast SEO Premium plugin v27.4 (Yoast SEO v27.4) - https:\/\/yoast.com\/product\/yoast-seo-premium-wordpress\/ -->\n<title>Kapcsolat - [Cloned #18] -<\/title>\n<meta name=\"description\" content=\"\u00d6tleteivel, k\u00e9rd\u00e9seivel kapcsolatban keressen minket bizalommal telefonon, e-mailben vagy l\u00e1togasson el szem\u00e9lyesen irod\u00e1nkba.Balogh Brigitta\" \/>\n<meta name=\"robots\" content=\"index, follow, max-snippet:-1, max-image-preview:large, max-video-preview:-1\" \/>\n<link rel=\"canonical\" href=\"https:\/\/www.brinterior.hu\/en\/kapcsolat-cloned-18\/\" \/>\n<meta property=\"og:locale\" content=\"en_GB\" \/>\n<meta property=\"og:type\" content=\"article\" \/>\n<meta property=\"og:title\" content=\"Kapcsolat - [Cloned #18]\" \/>\n<meta property=\"og:description\" content=\"\u00d6tleteivel, k\u00e9rd\u00e9seivel kapcsolatban keressen minket bizalommal telefonon, e-mailben vagy l\u00e1togasson el szem\u00e9lyesen irod\u00e1nkba.Balogh Brigitta\" \/>\n<meta property=\"og:url\" content=\"https:\/\/www.brinterior.hu\/en\/kapcsolat-cloned-18\/\" \/>\n<meta property=\"article:modified_time\" content=\"2022-10-04T10:25:10+00:00\" \/>\n<meta name=\"twitter:card\" content=\"summary_large_image\" \/>\n<meta name=\"twitter:label1\" content=\"Estimated reading time\" \/>\n\t<meta name=\"twitter:data1\" content=\"1 minute\" \/>\n<script type=\"application\/ld+json\" class=\"yoast-schema-graph\">{\"@context\":\"https:\\\/\\\/schema.org\",\"@graph\":[{\"@type\":\"WebPage\",\"@id\":\"https:\\\/\\\/www.brinterior.hu\\\/kapcsolat-cloned-18\\\/\",\"url\":\"https:\\\/\\\/www.brinterior.hu\\\/kapcsolat-cloned-18\\\/\",\"name\":\"Kapcsolat - [Cloned #18] -\",\"isPartOf\":{\"@id\":\"https:\\\/\\\/www.brinterior.hu\\\/#website\"},\"datePublished\":\"2022-10-04T10:25:05+00:00\",\"dateModified\":\"2022-10-04T10:25:10+00:00\",\"description\":\"\u00d6tleteivel, k\u00e9rd\u00e9seivel kapcsolatban keressen minket bizalommal telefonon, e-mailben vagy l\u00e1togasson el szem\u00e9lyesen irod\u00e1nkba.Balogh Brigitta\",\"breadcrumb\":{\"@id\":\"https:\\\/\\\/www.brinterior.hu\\\/kapcsolat-cloned-18\\\/#breadcrumb\"},\"inLanguage\":\"en-GB\",\"potentialAction\":[{\"@type\":\"ReadAction\",\"target\":[\"https:\\\/\\\/www.brinterior.hu\\\/kapcsolat-cloned-18\\\/\"]}]},{\"@type\":\"BreadcrumbList\",\"@id\":\"https:\\\/\\\/www.brinterior.hu\\\/kapcsolat-cloned-18\\\/#breadcrumb\",\"itemListElement\":[{\"@type\":\"ListItem\",\"position\":1,\"name\":\"Kezd\u0151lap\",\"item\":\"https:\\\/\\\/www.brinterior.hu\\\/\"},{\"@type\":\"ListItem\",\"position\":2,\"name\":\"Kapcsolat &#8211; [Cloned #18]\"}]},{\"@type\":\"WebSite\",\"@id\":\"https:\\\/\\\/www.brinterior.hu\\\/#website\",\"url\":\"https:\\\/\\\/www.brinterior.hu\\\/\",\"name\":\"\",\"description\":\"\",\"potentialAction\":[{\"@type\":\"SearchAction\",\"target\":{\"@type\":\"EntryPoint\",\"urlTemplate\":\"https:\\\/\\\/www.brinterior.hu\\\/?s={search_term_string}\"},\"query-input\":{\"@type\":\"PropertyValueSpecification\",\"valueRequired\":true,\"valueName\":\"search_term_string\"}}],\"inLanguage\":\"en-GB\"}]}<\/script>\n<!-- \/ Yoast SEO Premium plugin. -->","yoast_head_json":{"title":"Kapcsolat - [Cloned #18] -","description":"\u00d6tleteivel, k\u00e9rd\u00e9seivel kapcsolatban keressen minket bizalommal telefonon, e-mailben vagy l\u00e1togasson el szem\u00e9lyesen irod\u00e1nkba.Balogh Brigitta","robots":{"index":"index","follow":"follow","max-snippet":"max-snippet:-1","max-image-preview":"max-image-preview:large","max-video-preview":"max-video-preview:-1"},"canonical":"https:\/\/www.brinterior.hu\/en\/kapcsolat-cloned-18\/","og_locale":"en_GB","og_type":"article","og_title":"Kapcsolat - [Cloned #18]","og_description":"\u00d6tleteivel, k\u00e9rd\u00e9seivel kapcsolatban keressen minket bizalommal telefonon, e-mailben vagy l\u00e1togasson el szem\u00e9lyesen irod\u00e1nkba.Balogh Brigitta","og_url":"https:\/\/www.brinterior.hu\/en\/kapcsolat-cloned-18\/","article_modified_time":"2022-10-04T10:25:10+00:00","twitter_card":"summary_large_image","twitter_misc":{"Estimated reading time":"1 minute"},"schema":{"@context":"https:\/\/schema.org","@graph":[{"@type":"WebPage","@id":"https:\/\/www.brinterior.hu\/kapcsolat-cloned-18\/","url":"https:\/\/www.brinterior.hu\/kapcsolat-cloned-18\/","name":"Kapcsolat - [Cloned #18] -","isPartOf":{"@id":"https:\/\/www.brinterior.hu\/#website"},"datePublished":"2022-10-04T10:25:05+00:00","dateModified":"2022-10-04T10:25:10+00:00","description":"\u00d6tleteivel, k\u00e9rd\u00e9seivel kapcsolatban keressen minket bizalommal telefonon, e-mailben vagy l\u00e1togasson el szem\u00e9lyesen irod\u00e1nkba.Balogh Brigitta","breadcrumb":{"@id":"https:\/\/www.brinterior.hu\/kapcsolat-cloned-18\/#breadcrumb"},"inLanguage":"en-GB","potentialAction":[{"@type":"ReadAction","target":["https:\/\/www.brinterior.hu\/kapcsolat-cloned-18\/"]}]},{"@type":"BreadcrumbList","@id":"https:\/\/www.brinterior.hu\/kapcsolat-cloned-18\/#breadcrumb","itemListElement":[{"@type":"ListItem","position":1,"name":"Kezd\u0151lap","item":"https:\/\/www.brinterior.hu\/"},{"@type":"ListItem","position":2,"name":"Kapcsolat &#8211; [Cloned #18]"}]},{"@type":"WebSite","@id":"https:\/\/www.brinterior.hu\/#website","url":"https:\/\/www.brinterior.hu\/","name":"","description":"","potentialAction":[{"@type":"SearchAction","target":{"@type":"EntryPoint","urlTemplate":"https:\/\/www.brinterior.hu\/?s={search_term_string}"},"query-input":{"@type":"PropertyValueSpecification","valueRequired":true,"valueName":"search_term_string"}}],"inLanguage":"en-GB"}]}},"_links":{"self":[{"href":"https:\/\/www.brinterior.hu\/en\/wp-json\/wp\/v2\/pages\/1459","targetHints":{"allow":["GET"]}}],"collection":[{"href":"https:\/\/www.brinterior.hu\/en\/wp-json\/wp\/v2\/pages"}],"about":[{"href":"https:\/\/www.brinterior.hu\/en\/wp-json\/wp\/v2\/types\/page"}],"author":[{"embeddable":true,"href":"https:\/\/www.brinterior.hu\/en\/wp-json\/wp\/v2\/users\/1"}],"replies":[{"embeddable":true,"href":"https:\/\/www.brinterior.hu\/en\/wp-json\/wp\/v2\/comments?post=1459"}],"version-history":[{"count":4,"href":"https:\/\/www.brinterior.hu\/en\/wp-json\/wp\/v2\/pages\/1459\/revisions"}],"predecessor-version":[{"id":1463,"href":"https:\/\/www.brinterior.hu\/en\/wp-json\/wp\/v2\/pages\/1459\/revisions\/1463"}],"wp:attachment":[{"href":"https:\/\/www.brinterior.hu\/en\/wp-json\/wp\/v2\/media?parent=1459"}],"curies":[{"name":"wp","href":"https:\/\/api.w.org\/{rel}","templated":true}]}}