{"id":1132,"date":"2022-03-21T16:34:22","date_gmt":"2022-03-21T16:34:22","guid":{"rendered":"http:\/\/www.brinterior.hu\/?page_id=1132"},"modified":"2024-08-07T09:53:36","modified_gmt":"2024-08-07T09:53:36","slug":"adatkezelesi-tajekoztato","status":"publish","type":"page","link":"https:\/\/www.brinterior.hu\/en\/adatkezelesi-tajekoztato\/","title":{"rendered":"Privacy Policy"},"content":{"rendered":"<div data-elementor-type=\"wp-page\" data-elementor-id=\"1132\" class=\"elementor elementor-1132\" data-elementor-settings=\"{&quot;ha_cmc_init_switcher&quot;:&quot;no&quot;}\" data-elementor-post-type=\"page\">\n\t\t\t\t\t\t<section class=\"elementor-section elementor-top-section elementor-element elementor-element-0f1373c elementor-section-stretched elementor-section-boxed elementor-section-height-default elementor-section-height-default wpr-particle-no wpr-jarallax-no wpr-parallax-no wpr-sticky-section-no wpr-equal-height-no\" data-id=\"0f1373c\" data-element_type=\"section\" data-e-type=\"section\" data-settings=\"{&quot;stretch_section&quot;:&quot;section-stretched&quot;,&quot;_ha_eqh_enable&quot;:false}\">\n\t\t\t\t\t\t<div class=\"elementor-container elementor-column-gap-default\">\n\t\t\t\t\t<div class=\"elementor-column elementor-col-100 elementor-top-column elementor-element elementor-element-20595b7\" data-id=\"20595b7\" data-element_type=\"column\" data-e-type=\"column\">\n\t\t\t<div class=\"elementor-widget-wrap elementor-element-populated\">\n\t\t\t\t\t\t<div class=\"elementor-element elementor-element-04b464a elementor-widget elementor-widget-html\" data-id=\"04b464a\" data-element_type=\"widget\" data-e-type=\"widget\" data-widget_type=\"html.default\">\n\t\t\t\t<div class=\"elementor-widget-container\">\n\t\t\t\t\t<iframe width='100%' height='1000' src='https:\/\/api.virtualjog.hu\/api\/v1\/document\/3489?access-token=b869d5212a570fa9a6454a891f22bab3' frameborder='0'><\/iframe>\t\t\t\t<\/div>\n\t\t\t\t<\/div>\n\t\t\t\t\t<\/div>\n\t\t<\/div>\n\t\t\t\t\t<\/div>\n\t\t<\/section>\n\t\t\t\t<\/div>","protected":false},"excerpt":{"rendered":"","protected":false},"author":1,"featured_media":0,"parent":0,"menu_order":0,"comment_status":"closed","ping_status":"closed","template":"","meta":{"footnotes":""},"class_list":["post-1132","page","type-page","status-publish","hentry"],"yoast_head":"<!-- This site is optimized with the Yoast SEO Premium plugin v27.4 (Yoast SEO v27.4) - https:\/\/yoast.com\/product\/yoast-seo-premium-wordpress\/ -->\n<title>Adatkezel\u00e9si t\u00e1j\u00e9koztat\u00f3 | Brinterior<\/title>\n<meta name=\"description\" content=\"Ismerje meg adatkezel\u00e9si t\u00e1j\u00e9koztat\u00f3nkat! Tudjon meg t\u00f6bbet a szem\u00e9lyes adatok v\u00e9delm\u00e9r\u0151l \u00e9s a cookie-k haszn\u00e1lat\u00e1r\u00f3l a weboldalunkon!\" \/>\n<meta name=\"robots\" content=\"index, follow, max-snippet:-1, max-image-preview:large, max-video-preview:-1\" \/>\n<link rel=\"canonical\" href=\"https:\/\/www.brinterior.hu\/en\/adatkezelesi-tajekoztato\/\" \/>\n<meta property=\"og:locale\" content=\"en_GB\" \/>\n<meta property=\"og:type\" content=\"article\" \/>\n<meta property=\"og:title\" content=\"Adatkezel\u00e9si t\u00e1j\u00e9koztat\u00f3\" \/>\n<meta property=\"og:description\" content=\"Ismerje meg adatkezel\u00e9si t\u00e1j\u00e9koztat\u00f3nkat! Tudjon meg t\u00f6bbet a szem\u00e9lyes adatok v\u00e9delm\u00e9r\u0151l \u00e9s a cookie-k haszn\u00e1lat\u00e1r\u00f3l a weboldalunkon!\" \/>\n<meta property=\"og:url\" content=\"https:\/\/www.brinterior.hu\/en\/adatkezelesi-tajekoztato\/\" \/>\n<meta property=\"article:modified_time\" content=\"2024-08-07T09:53:36+00:00\" \/>\n<meta name=\"twitter:card\" content=\"summary_large_image\" \/>\n<script type=\"application\/ld+json\" class=\"yoast-schema-graph\">{\"@context\":\"https:\\\/\\\/schema.org\",\"@graph\":[{\"@type\":\"WebPage\",\"@id\":\"https:\\\/\\\/www.brinterior.hu\\\/adatkezelesi-tajekoztato\\\/\",\"url\":\"https:\\\/\\\/www.brinterior.hu\\\/adatkezelesi-tajekoztato\\\/\",\"name\":\"Adatkezel\u00e9si t\u00e1j\u00e9koztat\u00f3 | Brinterior\",\"isPartOf\":{\"@id\":\"https:\\\/\\\/www.brinterior.hu\\\/#website\"},\"datePublished\":\"2022-03-21T16:34:22+00:00\",\"dateModified\":\"2024-08-07T09:53:36+00:00\",\"description\":\"Ismerje meg adatkezel\u00e9si t\u00e1j\u00e9koztat\u00f3nkat! Tudjon meg t\u00f6bbet a szem\u00e9lyes adatok v\u00e9delm\u00e9r\u0151l \u00e9s a cookie-k haszn\u00e1lat\u00e1r\u00f3l a weboldalunkon!\",\"breadcrumb\":{\"@id\":\"https:\\\/\\\/www.brinterior.hu\\\/adatkezelesi-tajekoztato\\\/#breadcrumb\"},\"inLanguage\":\"en-GB\",\"potentialAction\":[{\"@type\":\"ReadAction\",\"target\":[\"https:\\\/\\\/www.brinterior.hu\\\/adatkezelesi-tajekoztato\\\/\"]}]},{\"@type\":\"BreadcrumbList\",\"@id\":\"https:\\\/\\\/www.brinterior.hu\\\/adatkezelesi-tajekoztato\\\/#breadcrumb\",\"itemListElement\":[{\"@type\":\"ListItem\",\"position\":1,\"name\":\"Kezd\u0151lap\",\"item\":\"https:\\\/\\\/www.brinterior.hu\\\/\"},{\"@type\":\"ListItem\",\"position\":2,\"name\":\"Adatkezel\u00e9si t\u00e1j\u00e9koztat\u00f3\"}]},{\"@type\":\"WebSite\",\"@id\":\"https:\\\/\\\/www.brinterior.hu\\\/#website\",\"url\":\"https:\\\/\\\/www.brinterior.hu\\\/\",\"name\":\"\",\"description\":\"\",\"potentialAction\":[{\"@type\":\"SearchAction\",\"target\":{\"@type\":\"EntryPoint\",\"urlTemplate\":\"https:\\\/\\\/www.brinterior.hu\\\/?s={search_term_string}\"},\"query-input\":{\"@type\":\"PropertyValueSpecification\",\"valueRequired\":true,\"valueName\":\"search_term_string\"}}],\"inLanguage\":\"en-GB\"}]}<\/script>\n<!-- \/ Yoast SEO Premium plugin. -->","yoast_head_json":{"title":"Adatkezel\u00e9si t\u00e1j\u00e9koztat\u00f3 | Brinterior","description":"Ismerje meg adatkezel\u00e9si t\u00e1j\u00e9koztat\u00f3nkat! Tudjon meg t\u00f6bbet a szem\u00e9lyes adatok v\u00e9delm\u00e9r\u0151l \u00e9s a cookie-k haszn\u00e1lat\u00e1r\u00f3l a weboldalunkon!","robots":{"index":"index","follow":"follow","max-snippet":"max-snippet:-1","max-image-preview":"max-image-preview:large","max-video-preview":"max-video-preview:-1"},"canonical":"https:\/\/www.brinterior.hu\/en\/adatkezelesi-tajekoztato\/","og_locale":"en_GB","og_type":"article","og_title":"Adatkezel\u00e9si t\u00e1j\u00e9koztat\u00f3","og_description":"Ismerje meg adatkezel\u00e9si t\u00e1j\u00e9koztat\u00f3nkat! Tudjon meg t\u00f6bbet a szem\u00e9lyes adatok v\u00e9delm\u00e9r\u0151l \u00e9s a cookie-k haszn\u00e1lat\u00e1r\u00f3l a weboldalunkon!","og_url":"https:\/\/www.brinterior.hu\/en\/adatkezelesi-tajekoztato\/","article_modified_time":"2024-08-07T09:53:36+00:00","twitter_card":"summary_large_image","schema":{"@context":"https:\/\/schema.org","@graph":[{"@type":"WebPage","@id":"https:\/\/www.brinterior.hu\/adatkezelesi-tajekoztato\/","url":"https:\/\/www.brinterior.hu\/adatkezelesi-tajekoztato\/","name":"Adatkezel\u00e9si t\u00e1j\u00e9koztat\u00f3 | Brinterior","isPartOf":{"@id":"https:\/\/www.brinterior.hu\/#website"},"datePublished":"2022-03-21T16:34:22+00:00","dateModified":"2024-08-07T09:53:36+00:00","description":"Ismerje meg adatkezel\u00e9si t\u00e1j\u00e9koztat\u00f3nkat! Tudjon meg t\u00f6bbet a szem\u00e9lyes adatok v\u00e9delm\u00e9r\u0151l \u00e9s a cookie-k haszn\u00e1lat\u00e1r\u00f3l a weboldalunkon!","breadcrumb":{"@id":"https:\/\/www.brinterior.hu\/adatkezelesi-tajekoztato\/#breadcrumb"},"inLanguage":"en-GB","potentialAction":[{"@type":"ReadAction","target":["https:\/\/www.brinterior.hu\/adatkezelesi-tajekoztato\/"]}]},{"@type":"BreadcrumbList","@id":"https:\/\/www.brinterior.hu\/adatkezelesi-tajekoztato\/#breadcrumb","itemListElement":[{"@type":"ListItem","position":1,"name":"Kezd\u0151lap","item":"https:\/\/www.brinterior.hu\/"},{"@type":"ListItem","position":2,"name":"Adatkezel\u00e9si t\u00e1j\u00e9koztat\u00f3"}]},{"@type":"WebSite","@id":"https:\/\/www.brinterior.hu\/#website","url":"https:\/\/www.brinterior.hu\/","name":"","description":"","potentialAction":[{"@type":"SearchAction","target":{"@type":"EntryPoint","urlTemplate":"https:\/\/www.brinterior.hu\/?s={search_term_string}"},"query-input":{"@type":"PropertyValueSpecification","valueRequired":true,"valueName":"search_term_string"}}],"inLanguage":"en-GB"}]}},"_links":{"self":[{"href":"https:\/\/www.brinterior.hu\/en\/wp-json\/wp\/v2\/pages\/1132","targetHints":{"allow":["GET"]}}],"collection":[{"href":"https:\/\/www.brinterior.hu\/en\/wp-json\/wp\/v2\/pages"}],"about":[{"href":"https:\/\/www.brinterior.hu\/en\/wp-json\/wp\/v2\/types\/page"}],"author":[{"embeddable":true,"href":"https:\/\/www.brinterior.hu\/en\/wp-json\/wp\/v2\/users\/1"}],"replies":[{"embeddable":true,"href":"https:\/\/www.brinterior.hu\/en\/wp-json\/wp\/v2\/comments?post=1132"}],"version-history":[{"count":5,"href":"https:\/\/www.brinterior.hu\/en\/wp-json\/wp\/v2\/pages\/1132\/revisions"}],"predecessor-version":[{"id":1137,"href":"https:\/\/www.brinterior.hu\/en\/wp-json\/wp\/v2\/pages\/1132\/revisions\/1137"}],"wp:attachment":[{"href":"https:\/\/www.brinterior.hu\/en\/wp-json\/wp\/v2\/media?parent=1132"}],"curies":[{"name":"wp","href":"https:\/\/api.w.org\/{rel}","templated":true}]}}