{"id":1491,"date":"2023-01-03T14:29:36","date_gmt":"2023-01-03T14:29:36","guid":{"rendered":"http:\/\/www.brinterior.hu\/?page_id=1491"},"modified":"2024-12-04T15:01:03","modified_gmt":"2024-12-04T15:01:03","slug":"3d-latvanyterv","status":"publish","type":"page","link":"http:\/\/www.brinterior.hu\/en\/3d-latvanyterv\/","title":{"rendered":"3D Design"},"content":{"rendered":"<div data-elementor-type=\"wp-page\" data-elementor-id=\"1491\" class=\"elementor elementor-1491\" data-elementor-settings=\"{&quot;ha_cmc_init_switcher&quot;:&quot;no&quot;}\" data-elementor-post-type=\"page\">\n\t\t\t\t\t\t<section class=\"elementor-section elementor-top-section elementor-element elementor-element-3dabab24 elementor-section-content-middle elementor-section-boxed elementor-section-height-default elementor-section-height-default wpr-particle-no wpr-jarallax-no wpr-parallax-no wpr-sticky-section-no wpr-equal-height-no\" data-id=\"3dabab24\" data-element_type=\"section\" data-e-type=\"section\" data-settings=\"{&quot;_ha_eqh_enable&quot;:false}\">\n\t\t\t\t\t\t\t<div class=\"elementor-background-overlay\"><\/div>\n\t\t\t\t\t\t\t<div class=\"elementor-container elementor-column-gap-no\">\n\t\t\t\t\t<div class=\"elementor-column elementor-col-50 elementor-top-column elementor-element elementor-element-2f5190c5\" data-id=\"2f5190c5\" data-element_type=\"column\" data-e-type=\"column\">\n\t\t\t<div class=\"elementor-widget-wrap elementor-element-populated\">\n\t\t\t\t\t\t<div class=\"elementor-element elementor-element-15343597 elementor-widget elementor-widget-heading\" data-id=\"15343597\" data-element_type=\"widget\" data-e-type=\"widget\" data-widget_type=\"heading.default\">\n\t\t\t\t<div class=\"elementor-widget-container\">\n\t\t\t\t\t<h4 class=\"elementor-heading-title elementor-size-default\">Insight into the world of 3D visual design<\/h4>\t\t\t\t<\/div>\n\t\t\t\t<\/div>\n\t\t\t\t<div class=\"elementor-element elementor-element-372f08c5 elementor-widget-laptop__width-initial elementor-widget elementor-widget-text-editor\" data-id=\"372f08c5\" data-element_type=\"widget\" data-e-type=\"widget\" data-widget_type=\"text-editor.default\">\n\t\t\t\t<div class=\"elementor-widget-container\">\n\t\t\t\t\t\t\t\t\t<p>3D visualization provides the opportunity to showcase every detail precisely to our clients. It allows them to get a realistic view of the planned space layout, materials, and colors, making it easy to refine the designs. This ensures that the final result meets their expectations in every aspect and prevents any surprises during the construction process.<\/p>\t\t\t\t\t\t\t\t<\/div>\n\t\t\t\t<\/div>\n\t\t\t\t\t<\/div>\n\t\t<\/div>\n\t\t\t\t<div class=\"elementor-column elementor-col-50 elementor-top-column elementor-element elementor-element-5a3326f4\" data-id=\"5a3326f4\" data-element_type=\"column\" data-e-type=\"column\">\n\t\t\t<div class=\"elementor-widget-wrap elementor-element-populated\">\n\t\t\t\t\t\t<div class=\"elementor-element elementor-element-31faf709 elementor-widget elementor-widget-video\" data-id=\"31faf709\" data-element_type=\"widget\" data-e-type=\"widget\" data-settings=\"{&quot;youtube_url&quot;:&quot;https:\\\/\\\/www.youtube.com\\\/watch?v=cWlTAkHKvvs&quot;,&quot;video_type&quot;:&quot;youtube&quot;,&quot;controls&quot;:&quot;yes&quot;}\" data-widget_type=\"video.default\">\n\t\t\t\t<div class=\"elementor-widget-container\">\n\t\t\t\t\t\t\t<div class=\"elementor-wrapper elementor-open-inline\">\n\t\t\t<div class=\"elementor-video\"><\/div>\t\t<\/div>\n\t\t\t\t\t\t<\/div>\n\t\t\t\t<\/div>\n\t\t\t\t\t<\/div>\n\t\t<\/div>\n\t\t\t\t\t<\/div>\n\t\t<\/section>\n\t\t\t\t<\/div>","protected":false},"excerpt":{"rendered":"<p>Bepillant\u00e1s a 3D l\u00e1tv\u00e1nytervez\u00e9s vil\u00e1g\u00e1ba A 3D l\u00e1tv\u00e1nytervez\u00e9s lehet\u0151s\u00e9get biztos\u00edt arra, hogy minden apr\u00f3 r\u00e9szletet pontosan megmutassunk \u00fcgyfeleinknek. Seg\u00edts\u00e9g\u00e9vel val\u00f3s\u00e1gh\u0171&hellip;<\/p>","protected":false},"author":1,"featured_media":0,"parent":0,"menu_order":0,"comment_status":"closed","ping_status":"closed","template":"","meta":{"footnotes":""},"class_list":["post-1491","page","type-page","status-publish","hentry"],"yoast_head":"<!-- This site is optimized with the Yoast SEO Premium plugin v27.1 (Yoast SEO v27.1.1) - https:\/\/yoast.com\/product\/yoast-seo-premium-wordpress\/ -->\n<title>3D L\u00e1tv\u00e1nytervez\u00e9s | Brinterior<\/title>\n<meta name=\"description\" content=\"Fedezze fel a 3D l\u00e1tv\u00e1nytervez\u00e9s vil\u00e1g\u00e1t a Brinterior seg\u00edts\u00e9g\u00e9vel!\u00c9leth\u0171 l\u00e1tv\u00e1nytervek, r\u00e9szletes megold\u00e1sok az \u00d6n ig\u00e9nyei szerint.\" \/>\n<meta name=\"robots\" content=\"index, follow, max-snippet:-1, max-image-preview:large, max-video-preview:-1\" \/>\n<link rel=\"canonical\" href=\"https:\/\/www.brinterior.hu\/en\/3d-latvanyterv\/\" \/>\n<meta property=\"og:locale\" content=\"en_GB\" \/>\n<meta property=\"og:type\" content=\"article\" \/>\n<meta property=\"og:title\" content=\"3D L\u00e1tv\u00e1nyterv\" \/>\n<meta property=\"og:description\" content=\"Fedezze fel a 3D l\u00e1tv\u00e1nytervez\u00e9s vil\u00e1g\u00e1t a Brinterior seg\u00edts\u00e9g\u00e9vel!\u00c9leth\u0171 l\u00e1tv\u00e1nytervek, r\u00e9szletes megold\u00e1sok az \u00d6n ig\u00e9nyei szerint.\" \/>\n<meta property=\"og:url\" content=\"https:\/\/www.brinterior.hu\/en\/3d-latvanyterv\/\" \/>\n<meta property=\"article:modified_time\" content=\"2024-12-04T15:01:03+00:00\" \/>\n<meta name=\"twitter:card\" content=\"summary_large_image\" \/>\n<meta name=\"twitter:label1\" content=\"Estimated reading time\" \/>\n\t<meta name=\"twitter:data1\" content=\"1 minute\" \/>\n<script type=\"application\/ld+json\" class=\"yoast-schema-graph\">{\"@context\":\"https:\/\/schema.org\",\"@graph\":[{\"@type\":\"WebPage\",\"@id\":\"https:\/\/www.brinterior.hu\/3d-latvanyterv\/\",\"url\":\"https:\/\/www.brinterior.hu\/3d-latvanyterv\/\",\"name\":\"3D L\u00e1tv\u00e1nytervez\u00e9s | Brinterior\",\"isPartOf\":{\"@id\":\"https:\/\/www.brinterior.hu\/#website\"},\"datePublished\":\"2023-01-03T14:29:36+00:00\",\"dateModified\":\"2024-12-04T15:01:03+00:00\",\"description\":\"Fedezze fel a 3D l\u00e1tv\u00e1nytervez\u00e9s vil\u00e1g\u00e1t a Brinterior seg\u00edts\u00e9g\u00e9vel!\u00c9leth\u0171 l\u00e1tv\u00e1nytervek, r\u00e9szletes megold\u00e1sok az \u00d6n ig\u00e9nyei szerint.\",\"breadcrumb\":{\"@id\":\"https:\/\/www.brinterior.hu\/3d-latvanyterv\/#breadcrumb\"},\"inLanguage\":\"en-GB\",\"potentialAction\":[{\"@type\":\"ReadAction\",\"target\":[\"https:\/\/www.brinterior.hu\/3d-latvanyterv\/\"]}]},{\"@type\":\"BreadcrumbList\",\"@id\":\"https:\/\/www.brinterior.hu\/3d-latvanyterv\/#breadcrumb\",\"itemListElement\":[{\"@type\":\"ListItem\",\"position\":1,\"name\":\"Kezd\u0151lap\",\"item\":\"https:\/\/www.brinterior.hu\/\"},{\"@type\":\"ListItem\",\"position\":2,\"name\":\"3D L\u00e1tv\u00e1nyterv\"}]},{\"@type\":\"WebSite\",\"@id\":\"https:\/\/www.brinterior.hu\/#website\",\"url\":\"https:\/\/www.brinterior.hu\/\",\"name\":\"\",\"description\":\"\",\"potentialAction\":[{\"@type\":\"SearchAction\",\"target\":{\"@type\":\"EntryPoint\",\"urlTemplate\":\"https:\/\/www.brinterior.hu\/?s={search_term_string}\"},\"query-input\":{\"@type\":\"PropertyValueSpecification\",\"valueRequired\":true,\"valueName\":\"search_term_string\"}}],\"inLanguage\":\"en-GB\"}]}<\/script>\n<!-- \/ Yoast SEO Premium plugin. -->","yoast_head_json":{"title":"3D L\u00e1tv\u00e1nytervez\u00e9s | Brinterior","description":"Fedezze fel a 3D l\u00e1tv\u00e1nytervez\u00e9s vil\u00e1g\u00e1t a Brinterior seg\u00edts\u00e9g\u00e9vel!\u00c9leth\u0171 l\u00e1tv\u00e1nytervek, r\u00e9szletes megold\u00e1sok az \u00d6n ig\u00e9nyei szerint.","robots":{"index":"index","follow":"follow","max-snippet":"max-snippet:-1","max-image-preview":"max-image-preview:large","max-video-preview":"max-video-preview:-1"},"canonical":"https:\/\/www.brinterior.hu\/en\/3d-latvanyterv\/","og_locale":"en_GB","og_type":"article","og_title":"3D L\u00e1tv\u00e1nyterv","og_description":"Fedezze fel a 3D l\u00e1tv\u00e1nytervez\u00e9s vil\u00e1g\u00e1t a Brinterior seg\u00edts\u00e9g\u00e9vel!\u00c9leth\u0171 l\u00e1tv\u00e1nytervek, r\u00e9szletes megold\u00e1sok az \u00d6n ig\u00e9nyei szerint.","og_url":"https:\/\/www.brinterior.hu\/en\/3d-latvanyterv\/","article_modified_time":"2024-12-04T15:01:03+00:00","twitter_card":"summary_large_image","twitter_misc":{"Estimated reading time":"1 minute"},"schema":{"@context":"https:\/\/schema.org","@graph":[{"@type":"WebPage","@id":"https:\/\/www.brinterior.hu\/3d-latvanyterv\/","url":"https:\/\/www.brinterior.hu\/3d-latvanyterv\/","name":"3D L\u00e1tv\u00e1nytervez\u00e9s | Brinterior","isPartOf":{"@id":"https:\/\/www.brinterior.hu\/#website"},"datePublished":"2023-01-03T14:29:36+00:00","dateModified":"2024-12-04T15:01:03+00:00","description":"Fedezze fel a 3D l\u00e1tv\u00e1nytervez\u00e9s vil\u00e1g\u00e1t a Brinterior seg\u00edts\u00e9g\u00e9vel!\u00c9leth\u0171 l\u00e1tv\u00e1nytervek, r\u00e9szletes megold\u00e1sok az \u00d6n ig\u00e9nyei szerint.","breadcrumb":{"@id":"https:\/\/www.brinterior.hu\/3d-latvanyterv\/#breadcrumb"},"inLanguage":"en-GB","potentialAction":[{"@type":"ReadAction","target":["https:\/\/www.brinterior.hu\/3d-latvanyterv\/"]}]},{"@type":"BreadcrumbList","@id":"https:\/\/www.brinterior.hu\/3d-latvanyterv\/#breadcrumb","itemListElement":[{"@type":"ListItem","position":1,"name":"Kezd\u0151lap","item":"https:\/\/www.brinterior.hu\/"},{"@type":"ListItem","position":2,"name":"3D L\u00e1tv\u00e1nyterv"}]},{"@type":"WebSite","@id":"https:\/\/www.brinterior.hu\/#website","url":"https:\/\/www.brinterior.hu\/","name":"","description":"","potentialAction":[{"@type":"SearchAction","target":{"@type":"EntryPoint","urlTemplate":"https:\/\/www.brinterior.hu\/?s={search_term_string}"},"query-input":{"@type":"PropertyValueSpecification","valueRequired":true,"valueName":"search_term_string"}}],"inLanguage":"en-GB"}]}},"_links":{"self":[{"href":"http:\/\/www.brinterior.hu\/en\/wp-json\/wp\/v2\/pages\/1491","targetHints":{"allow":["GET"]}}],"collection":[{"href":"http:\/\/www.brinterior.hu\/en\/wp-json\/wp\/v2\/pages"}],"about":[{"href":"http:\/\/www.brinterior.hu\/en\/wp-json\/wp\/v2\/types\/page"}],"author":[{"embeddable":true,"href":"http:\/\/www.brinterior.hu\/en\/wp-json\/wp\/v2\/users\/1"}],"replies":[{"embeddable":true,"href":"http:\/\/www.brinterior.hu\/en\/wp-json\/wp\/v2\/comments?post=1491"}],"version-history":[{"count":22,"href":"http:\/\/www.brinterior.hu\/en\/wp-json\/wp\/v2\/pages\/1491\/revisions"}],"predecessor-version":[{"id":2456,"href":"http:\/\/www.brinterior.hu\/en\/wp-json\/wp\/v2\/pages\/1491\/revisions\/2456"}],"wp:attachment":[{"href":"http:\/\/www.brinterior.hu\/en\/wp-json\/wp\/v2\/media?parent=1491"}],"curies":[{"name":"wp","href":"https:\/\/api.w.org\/{rel}","templated":true}]}}